{"id":48,"date":"2023-01-14T16:43:35","date_gmt":"2023-01-14T15:43:35","guid":{"rendered":"https:\/\/xn--senderismepuol-rjb.es\/blog\/?page_id=48"},"modified":"2026-03-01T20:18:54","modified_gmt":"2026-03-01T19:18:54","slug":"contacte","status":"publish","type":"page","link":"https:\/\/xn--senderismepuol-rjb.es\/blog\/contacte\/","title":{"rendered":"Contacte"},"content":{"rendered":"\n<div class=\"wp-block-cover alignfull has-custom-content-position is-position-bottom-center\"><img loading=\"lazy\" decoding=\"async\" width=\"2560\" height=\"1440\" class=\"wp-block-cover__image-background wp-image-2811\" alt=\"\" src=\"https:\/\/xn--senderismepuol-rjb.es\/blog\/wp-content\/uploads\/2024\/12\/kalen-emsley-UqyHjOgYxYY-unsplash-scaled.jpg\" style=\"object-position:25% 51%\" data-object-fit=\"cover\" data-object-position=\"25% 51%\" srcset=\"https:\/\/xn--senderismepuol-rjb.es\/blog\/wp-content\/uploads\/2024\/12\/kalen-emsley-UqyHjOgYxYY-unsplash-scaled.jpg 2560w, https:\/\/xn--senderismepuol-rjb.es\/blog\/wp-content\/uploads\/2024\/12\/kalen-emsley-UqyHjOgYxYY-unsplash-300x169.jpg 300w, https:\/\/xn--senderismepuol-rjb.es\/blog\/wp-content\/uploads\/2024\/12\/kalen-emsley-UqyHjOgYxYY-unsplash-1024x576.jpg 1024w, https:\/\/xn--senderismepuol-rjb.es\/blog\/wp-content\/uploads\/2024\/12\/kalen-emsley-UqyHjOgYxYY-unsplash-768x432.jpg 768w, https:\/\/xn--senderismepuol-rjb.es\/blog\/wp-content\/uploads\/2024\/12\/kalen-emsley-UqyHjOgYxYY-unsplash-1536x864.jpg 1536w, https:\/\/xn--senderismepuol-rjb.es\/blog\/wp-content\/uploads\/2024\/12\/kalen-emsley-UqyHjOgYxYY-unsplash-2048x1152.jpg 2048w\" sizes=\"auto, (max-width: 2560px) 100vw, 2560px\" \/><span aria-hidden=\"true\" class=\"wp-block-cover__background has-ast-global-color-5-background-color has-background-dim-0 has-background-dim\"><\/span><div class=\"wp-block-cover__inner-container is-layout-constrained wp-block-cover-is-layout-constrained\">\n<p class=\"has-text-align-center has-large-font-size\"><\/p>\n\n\n\n<p class=\"has-white-color has-text-color has-link-color wp-elements-a6be417b5e3112b76ac9cc48789e284c\" style=\"font-size:30px;line-height:1.6\">Vols contactar amb nosaltres?<\/p>\n<\/div><\/div>\n\n\n\n<div style=\"height:30px\" aria-hidden=\"true\" class=\"wp-block-spacer\"><\/div>\n\n\n\n<div class=\"wp-block-uagb-container uagb-block-8bfaf198 alignfull uagb-is-root-container\"><div class=\"uagb-container-inner-blocks-wrap\">\n<div class=\"wp-block-uagb-container uagb-block-5330773f\">\n<p class=\"has-medium-font-size\"><em>Si vols saber m\u00e9s de la secci\u00f3 de senderisme del C.A. Pu\u00e7ol, calendari de rutes, com fer-se soci o qualsevol dubte, punxa baix i escriu un email.<\/em><\/p>\n<\/div>\n<\/div><\/div>\n\n\n\n<h2 class=\"wp-block-heading has-text-align-center\"><a href=\"mailto:contacto@senderismepu\u00e7ol.es\">Contacte<\/a><\/h2>\n\n\n\n<p><\/p>\n","protected":false},"excerpt":{"rendered":"<p>Si vols saber m\u00e9s de la secci\u00f3 de [&hellip;]<\/p>\n","protected":false},"author":1,"featured_media":0,"parent":0,"menu_order":0,"comment_status":"closed","ping_status":"closed","template":"","meta":{"_uag_custom_page_level_css":"","site-sidebar-layout":"default","site-content-layout":"","ast-site-content-layout":"default","site-content-style":"default","site-sidebar-style":"default","ast-global-header-display":"","ast-banner-title-visibility":"","ast-main-header-display":"","ast-hfb-above-header-display":"","ast-hfb-below-header-display":"","ast-hfb-mobile-header-display":"","site-post-title":"disabled","ast-breadcrumbs-content":"","ast-featured-img":"","footer-sml-layout":"","ast-disable-related-posts":"","theme-transparent-header-meta":"","adv-header-id-meta":"","stick-header-meta":"","header-above-stick-meta":"","header-main-stick-meta":"","header-below-stick-meta":"","astra-migrate-meta-layouts":"set","ast-page-background-enabled":"default","ast-page-background-meta":{"desktop":{"background-color":"var(--ast-global-color-4)","background-image":"","background-repeat":"repeat","background-position":"center center","background-size":"auto","background-attachment":"scroll","background-type":"","background-media":"","overlay-type":"","overlay-color":"","overlay-opacity":"","overlay-gradient":""},"tablet":{"background-color":"","background-image":"","background-repeat":"repeat","background-position":"center center","background-size":"auto","background-attachment":"scroll","background-type":"","background-media":"","overlay-type":"","overlay-color":"","overlay-opacity":"","overlay-gradient":""},"mobile":{"background-color":"","background-image":"","background-repeat":"repeat","background-position":"center center","background-size":"auto","background-attachment":"scroll","background-type":"","background-media":"","overlay-type":"","overlay-color":"","overlay-opacity":"","overlay-gradient":""}},"ast-content-background-meta":{"desktop":{"background-color":"var(--ast-global-color-5)","background-image":"","background-repeat":"repeat","background-position":"center center","background-size":"auto","background-attachment":"scroll","background-type":"","background-media":"","overlay-type":"","overlay-color":"","overlay-opacity":"","overlay-gradient":""},"tablet":{"background-color":"var(--ast-global-color-5)","background-image":"","background-repeat":"repeat","background-position":"center center","background-size":"auto","background-attachment":"scroll","background-type":"","background-media":"","overlay-type":"","overlay-color":"","overlay-opacity":"","overlay-gradient":""},"mobile":{"background-color":"var(--ast-global-color-5)","background-image":"","background-repeat":"repeat","background-position":"center center","background-size":"auto","background-attachment":"scroll","background-type":"","background-media":"","overlay-type":"","overlay-color":"","overlay-opacity":"","overlay-gradient":""}},"footnotes":""},"class_list":["post-48","page","type-page","status-publish","hentry"],"yoast_head":"<!-- This site is optimized with the Yoast SEO plugin v27.0 - https:\/\/yoast.com\/product\/yoast-seo-wordpress\/ -->\n<title>Contacte - Senderisme Pu\u00e7ol<\/title>\n<meta name=\"robots\" content=\"index, follow, max-snippet:-1, max-image-preview:large, max-video-preview:-1\" \/>\n<link rel=\"canonical\" href=\"https:\/\/xn--senderismepuol-rjb.es\/blog\/contacte\/\" \/>\n<meta property=\"og:locale\" content=\"es_ES\" \/>\n<meta property=\"og:type\" content=\"article\" \/>\n<meta property=\"og:title\" content=\"Contacte - Senderisme Pu\u00e7ol\" \/>\n<meta property=\"og:description\" content=\"Si vols saber m\u00e9s de la secci\u00f3 de [&hellip;]\" \/>\n<meta property=\"og:url\" content=\"https:\/\/xn--senderismepuol-rjb.es\/blog\/contacte\/\" \/>\n<meta property=\"og:site_name\" content=\"Senderisme Pu\u00e7ol\" \/>\n<meta property=\"article:modified_time\" content=\"2026-03-01T19:18:54+00:00\" \/>\n<meta property=\"og:image\" content=\"https:\/\/xn--senderismepuol-rjb.es\/blog\/wp-content\/uploads\/2024\/12\/kalen-emsley-UqyHjOgYxYY-unsplash-scaled.jpg\" \/>\n\t<meta property=\"og:image:width\" content=\"2560\" \/>\n\t<meta property=\"og:image:height\" content=\"1440\" \/>\n\t<meta property=\"og:image:type\" content=\"image\/jpeg\" \/>\n<meta name=\"twitter:card\" content=\"summary_large_image\" \/>\n<meta name=\"twitter:label1\" content=\"Tiempo de lectura\" \/>\n\t<meta name=\"twitter:data1\" content=\"1 minuto\" \/>\n<script type=\"application\/ld+json\" class=\"yoast-schema-graph\">{\"@context\":\"https:\/\/schema.org\",\"@graph\":[{\"@type\":\"WebPage\",\"@id\":\"https:\/\/xn--senderismepuol-rjb.es\/blog\/contacte\/\",\"url\":\"https:\/\/xn--senderismepuol-rjb.es\/blog\/contacte\/\",\"name\":\"Contacte - Senderisme Pu\u00e7ol\",\"isPartOf\":{\"@id\":\"https:\/\/xn--senderismepuol-rjb.es\/blog\/#website\"},\"primaryImageOfPage\":{\"@id\":\"https:\/\/xn--senderismepuol-rjb.es\/blog\/contacte\/#primaryimage\"},\"image\":{\"@id\":\"https:\/\/xn--senderismepuol-rjb.es\/blog\/contacte\/#primaryimage\"},\"thumbnailUrl\":\"https:\/\/xn--senderismepuol-rjb.es\/blog\/wp-content\/uploads\/2024\/12\/kalen-emsley-UqyHjOgYxYY-unsplash-scaled.jpg\",\"datePublished\":\"2023-01-14T15:43:35+00:00\",\"dateModified\":\"2026-03-01T19:18:54+00:00\",\"breadcrumb\":{\"@id\":\"https:\/\/xn--senderismepuol-rjb.es\/blog\/contacte\/#breadcrumb\"},\"inLanguage\":\"es\",\"potentialAction\":[{\"@type\":\"ReadAction\",\"target\":[\"https:\/\/xn--senderismepuol-rjb.es\/blog\/contacte\/\"]}]},{\"@type\":\"ImageObject\",\"inLanguage\":\"es\",\"@id\":\"https:\/\/xn--senderismepuol-rjb.es\/blog\/contacte\/#primaryimage\",\"url\":\"https:\/\/xn--senderismepuol-rjb.es\/blog\/wp-content\/uploads\/2024\/12\/kalen-emsley-UqyHjOgYxYY-unsplash-scaled.jpg\",\"contentUrl\":\"https:\/\/xn--senderismepuol-rjb.es\/blog\/wp-content\/uploads\/2024\/12\/kalen-emsley-UqyHjOgYxYY-unsplash-scaled.jpg\"},{\"@type\":\"BreadcrumbList\",\"@id\":\"https:\/\/xn--senderismepuol-rjb.es\/blog\/contacte\/#breadcrumb\",\"itemListElement\":[{\"@type\":\"ListItem\",\"position\":1,\"name\":\"Portada\",\"item\":\"https:\/\/xn--senderismepuol-rjb.es\/blog\/\"},{\"@type\":\"ListItem\",\"position\":2,\"name\":\"Contacte\"}]},{\"@type\":\"WebSite\",\"@id\":\"https:\/\/xn--senderismepuol-rjb.es\/blog\/#website\",\"url\":\"https:\/\/xn--senderismepuol-rjb.es\/blog\/\",\"name\":\"Senderisme Pu\u00e7ol\",\"description\":\"Web de senderisme\",\"publisher\":{\"@id\":\"https:\/\/xn--senderismepuol-rjb.es\/blog\/#organization\"},\"potentialAction\":[{\"@type\":\"SearchAction\",\"target\":{\"@type\":\"EntryPoint\",\"urlTemplate\":\"https:\/\/xn--senderismepuol-rjb.es\/blog\/?s={search_term_string}\"},\"query-input\":{\"@type\":\"PropertyValueSpecification\",\"valueRequired\":true,\"valueName\":\"search_term_string\"}}],\"inLanguage\":\"es\"},{\"@type\":\"Organization\",\"@id\":\"https:\/\/xn--senderismepuol-rjb.es\/blog\/#organization\",\"name\":\"Senderisme Pu\u00e7ol\",\"url\":\"https:\/\/xn--senderismepuol-rjb.es\/blog\/\",\"logo\":{\"@type\":\"ImageObject\",\"inLanguage\":\"es\",\"@id\":\"https:\/\/xn--senderismepuol-rjb.es\/blog\/#\/schema\/logo\/image\/\",\"url\":\"https:\/\/xn--senderismepuol-rjb.es\/blog\/wp-content\/uploads\/2023\/01\/Logo-senderisme-transparente-II.png\",\"contentUrl\":\"https:\/\/xn--senderismepuol-rjb.es\/blog\/wp-content\/uploads\/2023\/01\/Logo-senderisme-transparente-II.png\",\"width\":366,\"height\":339,\"caption\":\"Senderisme Pu\u00e7ol\"},\"image\":{\"@id\":\"https:\/\/xn--senderismepuol-rjb.es\/blog\/#\/schema\/logo\/image\/\"}}]}<\/script>\n<!-- \/ Yoast SEO plugin. -->","yoast_head_json":{"title":"Contacte - Senderisme Pu\u00e7ol","robots":{"index":"index","follow":"follow","max-snippet":"max-snippet:-1","max-image-preview":"max-image-preview:large","max-video-preview":"max-video-preview:-1"},"canonical":"https:\/\/xn--senderismepuol-rjb.es\/blog\/contacte\/","og_locale":"es_ES","og_type":"article","og_title":"Contacte - Senderisme Pu\u00e7ol","og_description":"Si vols saber m\u00e9s de la secci\u00f3 de [&hellip;]","og_url":"https:\/\/xn--senderismepuol-rjb.es\/blog\/contacte\/","og_site_name":"Senderisme Pu\u00e7ol","article_modified_time":"2026-03-01T19:18:54+00:00","og_image":[{"width":2560,"height":1440,"url":"https:\/\/xn--senderismepuol-rjb.es\/blog\/wp-content\/uploads\/2024\/12\/kalen-emsley-UqyHjOgYxYY-unsplash-scaled.jpg","type":"image\/jpeg"}],"twitter_card":"summary_large_image","twitter_misc":{"Tiempo de lectura":"1 minuto"},"schema":{"@context":"https:\/\/schema.org","@graph":[{"@type":"WebPage","@id":"https:\/\/xn--senderismepuol-rjb.es\/blog\/contacte\/","url":"https:\/\/xn--senderismepuol-rjb.es\/blog\/contacte\/","name":"Contacte - Senderisme Pu\u00e7ol","isPartOf":{"@id":"https:\/\/xn--senderismepuol-rjb.es\/blog\/#website"},"primaryImageOfPage":{"@id":"https:\/\/xn--senderismepuol-rjb.es\/blog\/contacte\/#primaryimage"},"image":{"@id":"https:\/\/xn--senderismepuol-rjb.es\/blog\/contacte\/#primaryimage"},"thumbnailUrl":"https:\/\/xn--senderismepuol-rjb.es\/blog\/wp-content\/uploads\/2024\/12\/kalen-emsley-UqyHjOgYxYY-unsplash-scaled.jpg","datePublished":"2023-01-14T15:43:35+00:00","dateModified":"2026-03-01T19:18:54+00:00","breadcrumb":{"@id":"https:\/\/xn--senderismepuol-rjb.es\/blog\/contacte\/#breadcrumb"},"inLanguage":"es","potentialAction":[{"@type":"ReadAction","target":["https:\/\/xn--senderismepuol-rjb.es\/blog\/contacte\/"]}]},{"@type":"ImageObject","inLanguage":"es","@id":"https:\/\/xn--senderismepuol-rjb.es\/blog\/contacte\/#primaryimage","url":"https:\/\/xn--senderismepuol-rjb.es\/blog\/wp-content\/uploads\/2024\/12\/kalen-emsley-UqyHjOgYxYY-unsplash-scaled.jpg","contentUrl":"https:\/\/xn--senderismepuol-rjb.es\/blog\/wp-content\/uploads\/2024\/12\/kalen-emsley-UqyHjOgYxYY-unsplash-scaled.jpg"},{"@type":"BreadcrumbList","@id":"https:\/\/xn--senderismepuol-rjb.es\/blog\/contacte\/#breadcrumb","itemListElement":[{"@type":"ListItem","position":1,"name":"Portada","item":"https:\/\/xn--senderismepuol-rjb.es\/blog\/"},{"@type":"ListItem","position":2,"name":"Contacte"}]},{"@type":"WebSite","@id":"https:\/\/xn--senderismepuol-rjb.es\/blog\/#website","url":"https:\/\/xn--senderismepuol-rjb.es\/blog\/","name":"Senderisme Pu\u00e7ol","description":"Web de senderisme","publisher":{"@id":"https:\/\/xn--senderismepuol-rjb.es\/blog\/#organization"},"potentialAction":[{"@type":"SearchAction","target":{"@type":"EntryPoint","urlTemplate":"https:\/\/xn--senderismepuol-rjb.es\/blog\/?s={search_term_string}"},"query-input":{"@type":"PropertyValueSpecification","valueRequired":true,"valueName":"search_term_string"}}],"inLanguage":"es"},{"@type":"Organization","@id":"https:\/\/xn--senderismepuol-rjb.es\/blog\/#organization","name":"Senderisme Pu\u00e7ol","url":"https:\/\/xn--senderismepuol-rjb.es\/blog\/","logo":{"@type":"ImageObject","inLanguage":"es","@id":"https:\/\/xn--senderismepuol-rjb.es\/blog\/#\/schema\/logo\/image\/","url":"https:\/\/xn--senderismepuol-rjb.es\/blog\/wp-content\/uploads\/2023\/01\/Logo-senderisme-transparente-II.png","contentUrl":"https:\/\/xn--senderismepuol-rjb.es\/blog\/wp-content\/uploads\/2023\/01\/Logo-senderisme-transparente-II.png","width":366,"height":339,"caption":"Senderisme Pu\u00e7ol"},"image":{"@id":"https:\/\/xn--senderismepuol-rjb.es\/blog\/#\/schema\/logo\/image\/"}}]}},"uagb_featured_image_src":{"full":false,"thumbnail":false,"medium":false,"medium_large":false,"large":false,"1536x1536":false,"2048x2048":false},"uagb_author_info":{"display_name":"Gustavo","author_link":"https:\/\/xn--senderismepuol-rjb.es\/blog\/author\/admin\/"},"uagb_comment_info":0,"uagb_excerpt":"Si vols saber m\u00e9s de la secci\u00f3 de [&hellip;]","_links":{"self":[{"href":"https:\/\/xn--senderismepuol-rjb.es\/blog\/wp-json\/wp\/v2\/pages\/48","targetHints":{"allow":["GET"]}}],"collection":[{"href":"https:\/\/xn--senderismepuol-rjb.es\/blog\/wp-json\/wp\/v2\/pages"}],"about":[{"href":"https:\/\/xn--senderismepuol-rjb.es\/blog\/wp-json\/wp\/v2\/types\/page"}],"author":[{"embeddable":true,"href":"https:\/\/xn--senderismepuol-rjb.es\/blog\/wp-json\/wp\/v2\/users\/1"}],"replies":[{"embeddable":true,"href":"https:\/\/xn--senderismepuol-rjb.es\/blog\/wp-json\/wp\/v2\/comments?post=48"}],"version-history":[{"count":62,"href":"https:\/\/xn--senderismepuol-rjb.es\/blog\/wp-json\/wp\/v2\/pages\/48\/revisions"}],"predecessor-version":[{"id":4880,"href":"https:\/\/xn--senderismepuol-rjb.es\/blog\/wp-json\/wp\/v2\/pages\/48\/revisions\/4880"}],"wp:attachment":[{"href":"https:\/\/xn--senderismepuol-rjb.es\/blog\/wp-json\/wp\/v2\/media?parent=48"}],"curies":[{"name":"wp","href":"https:\/\/api.w.org\/{rel}","templated":true}]}}